{"id":33,"date":"2014-07-16T20:44:21","date_gmt":"2014-07-16T20:44:21","guid":{"rendered":"http:\/\/artsci.case.edu\/skeletal\/?page_id=33"},"modified":"2021-09-01T18:38:15","modified_gmt":"2021-09-01T18:38:15","slug":"faculty","status":"publish","type":"page","link":"https:\/\/artsci.case.edu\/skeletal\/people\/faculty\/","title":{"rendered":"Faculty"},"content":{"rendered":"<p><em>The clinical and basic sciences faculty are headed by Drs. Goldberg and Moskowitz and by Dr. Caplan respectively, who represent the Executive Committee of the Center. The Executive Committee functions as the Co-Directors of the Center, with shared responsibility for the Center activities. They assist with the day-to-day management of the Center, generating policy and the long-term objectives.<\/em><\/p>\n<p><em>For more details of the faculty member&#8217;s interests, see the <a title=\"Synopses\" href=\"http:\/\/artsci.case.edu\/skeletal\/people\/faculty\/synopses\/\" target=\"_blank\" rel=\"noopener noreferrer\">synopses<\/a> or click on their name to view their curriculum vit\u00e6 (CV) or website. Off-site links will open in a new window.<\/em><\/p>\n<p><strong><a title=\"Link to Dr. Alsberg's webpage\" href=\"http:\/\/bme.case.edu\/FacultyStaff\/PrimaryFaculty\/Alsberg\/\" target=\"_blank\" rel=\"noopener noreferrer\">Eben Alsberg, Ph.D.<\/a><\/strong><br \/>\nAssistant Professor<br \/>\nDepartment of Biomedical Engineering<br \/>\nInterests: Tissue engineering, stem cell differentiation.<br \/>\nEmail: <a href=\"mailto:exa46@cwru.edu\">exa46@cwru.edu<\/a><\/p>\n<p><strong><a title=\"Link to Dr. Anderson's webpage\" href=\"http:\/\/www.case.edu\/med\/pathology\/faculty\/anderson.html\" target=\"_blank\" rel=\"noopener noreferrer\">James Anderson, M.D., Ph.D.<\/a><\/strong><br \/>\nProfessor<br \/>\nDepartments of Pathology, Macromolecular Science &amp; Biomedical Engineering<br \/>\nInterests: Retrieval &amp; evaluation of human implants.<br \/>\nEmail: <a href=\"mailto:james.anderson@cwru.edu\">james.anderson@cwru.edu<\/a><\/p>\n<p><strong><a title=\"Link to Dr. Baskaran's webpage\" href=\"http:\/\/bme.case.edu\/FacultyStaff\/PrimaryFaculty\/Baskaran\/\" target=\"_blank\" rel=\"noopener noreferrer\">Harihara Baskaran, Ph.D.<\/a><\/strong><br \/>\nAssociate Professor<br \/>\nDepartment of Chemical Engineering<br \/>\nInterests: Microvascular tissue engineering, cell transport.<br \/>\nEmail: <a href=\"mailto:hxb3@cwru.edu\">hxb3@cwru.edu<\/a><\/p>\n<p><strong><a title=\"Link to Dr. Blackwell's webpage\" href=\"http:\/\/engineering.case.edu\/profiles\/jxb6\" target=\"_blank\" rel=\"noopener noreferrer\">John Blackwell, Ph.D.<\/a><\/strong><br \/>\nLeonard Case Jr. Professor<br \/>\nDepartment of Macromolecular Science<br \/>\nInterests: Physical-chemical measurements of solution properties of complex polysaccharides.<br \/>\nEmail: <a href=\"mailto:jxb6@cwru.edu\">jxb6@cwru.edu<\/a><\/p>\n<p><strong>H\u00fclya B\u00fck\u00fclmez, M.D.<\/strong><br \/>\nInstructor of Pediatrics, MetroHealth Medical Center<br \/>\nInterests: Juvenile rheumatic diseases, cartilage genetics and biology<br \/>\nEmail: <a href=\"mailto:hxb38@cwru.edu\">hxb38@cwru.edu<\/a><\/p>\n<p><strong><a title=\"Link to Dr. Calabro's webpage\" href=\"http:\/\/www.lerner.ccf.org\/bme\/calabro\/\" target=\"_blank\" rel=\"noopener noreferrer\">Anthony Calabro, Ph.D.<\/a><\/strong><br \/>\nStaff Scientist<br \/>\nCleveland Clinic Foundation, Lerner Research Institute<br \/>\nInterests: Structure, function, and metabolism of hyaluronan and aggrecan in normal, malignant, and arthritic tissues.<br \/>\nEmail: <a href=\"mailto:calabra@ccf.org\">calabra@ccf.org<\/a><\/p>\n<p><strong><a href=\"https:\/\/artscimedia.case.edu\/wp-content\/uploads\/sites\/102\/2014\/07\/15000803\/caplan.pdf\">Arnold I. Caplan, Ph.D.<\/a><\/strong><br \/>\nDirector, Skeletal Research Center<br \/>\nDepartment of Biology<br \/>\nInterests: Tissue engineering of mesenchymal tissue, skeletal tissue biology, extracellular matrix; and the aging of the skin.<br \/>\nEmail: <a href=\"mailto:aic@cwru.edu\">aic@cwru.edu<\/a><\/p>\n<p><strong><a title=\"Link to Dr. Davy's webpage\" href=\"http:\/\/engineering.case.edu\/emae\/Dwight_Davy\" target=\"_blank\" rel=\"noopener noreferrer\">Dwight T. Davy, Ph.D.<\/a><\/strong><br \/>\nProfessor<br \/>\nDepartment of Mechanical &amp; Aerospace Engineering<br \/>\nInterests: Evaluation of the mechanical properties of hard tissue.<br \/>\nEmail: <a href=\"mailto:dtd@cwru.edu\">dtd@cwru.edu<\/a><\/p>\n<p><strong><a title=\"Link to Dr. Gerson's webpage\" href=\"http:\/\/cancer.case.edu\/about\/director\/gerson.html\" target=\"_blank\" rel=\"noopener noreferrer\">Stanton Gerson, M.D.<\/a><\/strong><br \/>\nProfessor<br \/>\nDepartment of Hematology\/Oncology<br \/>\nInterests: Stem cell gene transfer, drug selection, transdifferentiation.<br \/>\nEmail: <a href=\"mailto:slg5@cwru.edu\">slg5@cwru.edu<\/a><\/p>\n<p><strong><a href=\"https:\/\/artscimedia.case.edu\/wp-content\/uploads\/sites\/102\/2014\/07\/15000800\/Greenfield_vitae.pdf\">Edward Greenfield, Ph.D.<\/a><\/strong><br \/>\nProfessor<br \/>\nDepartment of Orthop\u00e6dics<br \/>\nInterests: cellular mechanisms that regulate bone turnover in response to stimuli, <em>e.g.<\/em>, hormones, cytokines, orthop\u00e6dic wear particles, and bacterial endotoxin.<br \/>\nEmail: <a href=\"mailto:emg3@cwru.edu\">emg3@cwru.edu<\/a><\/p>\n<p><strong><a title=\"Link to Dr. Hascall's webpage\" href=\"http:\/\/www.lerner.ccf.org\/bme\/hascall\/\" target=\"_blank\" rel=\"noopener noreferrer\">Vincent C. Hascall, M.D.<\/a><\/strong><br \/>\nProfessor &amp; Section Head<br \/>\nCleveland Clinic Foundation, Lerner Research Institute<br \/>\nInterests: Connective tissue biology.<br \/>\nEmail: <a href=\"mailto:hascalv@ccf.org\">hascalv@ccf.org<\/a><\/p>\n<p><strong><a title=\"Link to Dr. Haynesworth's webpage\" href=\"http:\/\/artsci.case.edu\/skeletal\/faculty\/stephen-haynesworth\" target=\"_blank\" rel=\"noopener noreferrer\">Stephen Haynesworth, Ph.D.<\/a><\/strong><br \/>\nAssociate Professor &amp; Associate Dean<br \/>\nDepartment of Biology<br \/>\nInterests: Developmental &amp; ageing biology<br \/>\nEmail: <a href=\"mailto:seh5@cwru.edu\">seh5@cwru.edu<\/a><\/p>\n<p><a title=\"Link to Dr. Heuer's webpage\" href=\"http:\/\/www.case.edu\/nanobook\/pages\/faculty\/aheuer.htm\" target=\"_blank\" rel=\"noopener noreferrer\"><strong>Arthur Heuer, Ph.D<\/strong>.<\/a><br \/>\nProfessor &amp; Director<br \/>\nDepartment of Materials Science and Engineering<br \/>\nInterests: Paraequilibrium carburization of stainless steels, oxidation-induced stresses in Ni-base alloys.<br \/>\nEmail: <a href=\"mailto:ahh@cwru.edu\">ahh@cwru.edu<\/a><\/p>\n<p><strong><a title=\"Alexander MacRae Jamieson\" href=\"http:\/\/artsci.case.edu\/skeletal\/cv\/jamieson\/\" target=\"_blank\" rel=\"noopener noreferrer\">Alexander M. Jamieson, Ph.D.<\/a><\/strong><br \/>\nProfessor &amp; Chairman<br \/>\nDepartment of Macromolecular Science<br \/>\nInterests: Use of laser light scattering techniques to analyze the solution properties of proteoglycans.<br \/>\nEmail: <a href=\"mailto:amj@cwru.edu\">amj@cwru.edu<\/a><\/p>\n<p><strong><a title=\"Link to Dr. Mansour's webpage\" href=\"http:\/\/engineering.case.edu\/emae\/Faculty\/Joseph_Mansour\" target=\"_blank\" rel=\"noopener noreferrer\">Joseph M. Mansour, Ph.D.<\/a><\/strong><br \/>\nProfessor<br \/>\nDepartment of Mechanical &amp; Aerospace Engineering<br \/>\nInterests: Mechanical behavior of cartilaginous tissues in normal, diseased &amp; repaired states.<br \/>\nEmail: <a href=\"mailto:jmm12@cwru.edu\">jmm12@cwru.edu<\/a><\/p>\n<p><strong><a title=\"Link to Dr. Midura's webpage\" href=\"http:\/\/www.lerner.ccf.org\/bme\/midura\/\" target=\"_blank\" rel=\"noopener noreferrer\">Ronald Midura, Ph.D.<\/a><\/strong><br \/>\nDepartment Chair<br \/>\nDepartment of Biomedical Engineering, Cleveland Clinic Foundation, Lerner Research Institute<br \/>\nInterests: Connective tissue biology.<br \/>\nEmail: <a href=\"mailto:midurar@ccf.org\">midurar@ccf.org<\/a><\/p>\n<p><strong><a title=\"Link to Dr. Muschler's webpage\" href=\"http:\/\/www.lerner.ccf.org\/bme\/muschler\/\" target=\"_blank\" rel=\"noopener noreferrer\">George Muschler, M.D.<\/a><\/strong><br \/>\nStaff<br \/>\nDepartment of Orthop\u00e6dics, Cleveland Clinic Foundation, Lerner Research Institute<br \/>\nInterests: Bone tissue engineering, osteoblastic differentiation, age, gender, and disease related changes in connective tissue progenitors.<br \/>\nEmail: <a href=\"mailto:MUSCHLG@ccf.org\">muschlg@ccf.org<\/a><\/p>\n<p><strong><a title=\"Link to Dr. von Recum's webpage\" href=\"http:\/\/bme.case.edu\/FacultyStaff\/PrimaryFaculty\/vonRecum\/\" target=\"_blank\" rel=\"noopener noreferrer\">Horst von Recum, Ph.D.<\/a><\/strong><br \/>\nAssistant Professor<br \/>\nDepartment of Biomedical Engineering<br \/>\nInterests: Cell delivery, drug delivery<br \/>\nEmail: <a href=\"mailto:hav1@cwru.edu\">hav1@cwru.edu<\/a><\/p>\n<p><strong>Rodrigo Somoza Palacios, Ph.D.<\/strong><br \/>\nSenior Research Associate<br \/>\nSkeletal Research Center<br \/>\nEmail: <a href=\"mailto:ras286@cwru.edu\">ras286@cwru.edu<\/a><\/p>\n<p><strong><a title=\"J. Michael Sorrell\" href=\"http:\/\/artsci.case.edu\/skeletal\/cv\/sorrell\/\" target=\"_blank\" rel=\"noopener noreferrer\">J. Michael Sorrell, Ph.D.<\/a><\/strong><br \/>\nSenior Research Associate &amp; Director, Monoclonal Antibody Facility<br \/>\nSkeletal Research Center<br \/>\nInterests: Dermal fibroblast biology, control of angiogenesis<br \/>\nEmail: <a href=\"mailto:jms30@cwru.edu\">jms30@cwru.edu<\/a><\/p>\n<p><strong><a title=\"Jean Frederic Welter, M.D., M.Sc., Ph.D.\" href=\"http:\/\/artsci.case.edu\/skeletal\/cv\/welter\/\" target=\"_blank\" rel=\"noopener noreferrer\">Jean F. Welter, M.D., M.Sc., Ph.D.<\/a><\/strong><br \/>\nResearch Associate Professor &amp; Director, Bioreactor Core Facility<br \/>\nSkeletal Research Center; Department of Biology<br \/>\nInterests: Tissue-engineering and cell-based therapies, bioreactor design, mechanobiology, bone transplantation, imaging, fluorescence spectroscopy, drug delivery.<br \/>\nEmail: <a href=\"mailto:jfw2@cwru.edu\">jfw2@cwru.edu<\/a><\/p>\n","protected":false},"excerpt":{"rendered":"<p><em>The clinical and basic sciences faculty are headed by Drs. Goldberg and Moskowitz and by Dr. Caplan respectively, who represent the Executive Committee of the Center. The Executive Committee functions as the Co-Directors of the Center, with shared responsibility for the Center activities. They assist with the day-to-day management of the Center, generating policy and the long-term objectives.<\/em><\/p>\n<p><em>For more details of the faculty member&#8217;s interests, see the <a title=\"Synopses\" href=\"http:\/\/artsci.case.edu\/skeletal\/people\/faculty\/synopses\/\" target=\"_blank\" rel=\"noopener noreferrer\">synopses<\/a> or click on their name to view their curriculum vit\u00e6 (CV) or website. Off-site links will open in a new window.<\/em><\/p>\n<p><strong><a title=\"Link to Dr. Alsberg's webpage\" href=\"http:\/\/bme.case.edu\/FacultyStaff\/PrimaryFaculty\/Alsberg\/\" target=\"_blank\" rel=\"noopener noreferrer\">Eben Alsberg,<\/a><\/strong><\/p>\n<p><a href=\"https:\/\/artsci.case.edu\/skeletal\/people\/faculty\/\" class=\"more-link\">Continue reading&#8230; <span class=\"screen-reader-text\">Faculty<\/span><\/a><\/p>\n","protected":false},"author":19,"featured_media":0,"parent":30,"menu_order":0,"comment_status":"open","ping_status":"open","template":"","meta":{"spay_email":""},"_links":{"self":[{"href":"https:\/\/artsci.case.edu\/skeletal\/wp-json\/wp\/v2\/pages\/33"}],"collection":[{"href":"https:\/\/artsci.case.edu\/skeletal\/wp-json\/wp\/v2\/pages"}],"about":[{"href":"https:\/\/artsci.case.edu\/skeletal\/wp-json\/wp\/v2\/types\/page"}],"author":[{"embeddable":true,"href":"https:\/\/artsci.case.edu\/skeletal\/wp-json\/wp\/v2\/users\/19"}],"replies":[{"embeddable":true,"href":"https:\/\/artsci.case.edu\/skeletal\/wp-json\/wp\/v2\/comments?post=33"}],"version-history":[{"count":10,"href":"https:\/\/artsci.case.edu\/skeletal\/wp-json\/wp\/v2\/pages\/33\/revisions"}],"predecessor-version":[{"id":530,"href":"https:\/\/artsci.case.edu\/skeletal\/wp-json\/wp\/v2\/pages\/33\/revisions\/530"}],"up":[{"embeddable":true,"href":"https:\/\/artsci.case.edu\/skeletal\/wp-json\/wp\/v2\/pages\/30"}],"wp:attachment":[{"href":"https:\/\/artsci.case.edu\/skeletal\/wp-json\/wp\/v2\/media?parent=33"}],"curies":[{"name":"wp","href":"https:\/\/api.w.org\/{rel}","templated":true}]}}